{"id":4961,"date":"2025-06-25T11:42:24","date_gmt":"2025-06-25T09:42:24","guid":{"rendered":"https:\/\/wearevoilart.com\/museums\/museo-nacional-thyssen-bornemisza\/"},"modified":"2025-08-25T11:11:37","modified_gmt":"2025-08-25T09:11:37","slug":"museo-nacional-thyssen-bornemisza","status":"publish","type":"page","link":"https:\/\/wearevoilart.com\/en\/museums\/museo-nacional-thyssen-bornemisza\/","title":{"rendered":"Museo Nacional Thyssen-Bornemisza"},"content":{"rendered":"\n<div class=\"wp-block-getwid-section alignfull alignfull\"><div class=\"wp-block-getwid-section__wrapper\" style=\"padding-top:100px;padding-bottom:60px\"><div class=\"wp-block-getwid-section__inner-wrapper\"><div class=\"wp-block-getwid-section__background-holder\"><div class=\"wp-block-getwid-section__background has-background\" style=\"background-color:#ffffff\"><\/div><div class=\"wp-block-getwid-section__foreground\"><\/div><\/div><div class=\"wp-block-getwid-section__content\"><div class=\"wp-block-getwid-section__inner-content\">\n<div class=\"wp-block-columns are-vertically-aligned-center is-style-wide-space is-layout-flex wp-container-core-columns-is-layout-9d6595d7 wp-block-columns-is-layout-flex\">\n<div class=\"wp-block-column is-vertically-aligned-center is-layout-flow wp-block-column-is-layout-flow\">\n<div class=\"wp-block-getwid-section getwid-anim fadeInLeftShort\" data-wow-duration=\"1500ms\" data-wow-delay=\"200ms\"><div class=\"wp-block-getwid-section__wrapper getwid-padding-top-none getwid-padding-bottom-none getwid-padding-left-none getwid-padding-right-none\"><div class=\"wp-block-getwid-section__inner-wrapper\"><div class=\"wp-block-getwid-section__background-holder\"><div class=\"wp-block-getwid-section__background\"><\/div><div class=\"wp-block-getwid-section__foreground\"><\/div><\/div><div class=\"wp-block-getwid-section__content\"><div class=\"wp-block-getwid-section__inner-content\">\n<figure class=\"wp-block-image size-full\"><img decoding=\"async\" width=\"622\" height=\"750\" src=\"https:\/\/wearevoilart.com\/wp-content\/uploads\/2025\/07\/Voilart_05_Museos_02Museo-Thyssen-1.png\" alt=\"\" class=\"wp-image-4421\" srcset=\"https:\/\/wearevoilart.com\/wp-content\/uploads\/2025\/07\/Voilart_05_Museos_02Museo-Thyssen-1.png 622w, https:\/\/wearevoilart.com\/wp-content\/uploads\/2025\/07\/Voilart_05_Museos_02Museo-Thyssen-1-249x300.png 249w\" sizes=\"(max-width: 622px) 100vw, 622px\" \/><\/figure>\n<\/div><\/div><\/div><\/div><\/div>\n<\/div>\n\n\n\n<div class=\"wp-block-column is-vertically-aligned-center is-layout-flow wp-block-column-is-layout-flow\">\n<div class=\"wp-block-getwid-section getwid-anim fadeInUpShort getwid-section-content-custom-width\" data-wow-duration=\"1500ms\" data-wow-delay=\"200ms\"><div class=\"wp-block-getwid-section__wrapper getwid-padding-top-none getwid-padding-bottom-none getwid-padding-left-none getwid-padding-right-none getwid-justify-content-flex-end getwid-justify-content-tablet-flex-start\"><div class=\"wp-block-getwid-section__inner-wrapper\" style=\"max-width:460px\"><div class=\"wp-block-getwid-section__background-holder\"><div class=\"wp-block-getwid-section__background\"><\/div><div class=\"wp-block-getwid-section__foreground\"><\/div><\/div><div class=\"wp-block-getwid-section__content\"><div class=\"wp-block-getwid-section__inner-content\">\n<div class=\"wp-block-columns is-style-stack-on-tablet is-layout-flex wp-container-core-columns-is-layout-9d6595d7 wp-block-columns-is-layout-flex\">\n<div class=\"wp-block-column is-layout-flow wp-block-column-is-layout-flow\" style=\"flex-basis:50px\">\n<div class=\"wp-block-getwid-advanced-spacer\" style=\"height:13px\" aria-hidden=\"true\"><\/div>\n\n\n\n<hr class=\"wp-block-separator has-css-opacity\"\/>\n<\/div>\n\n\n\n<div class=\"wp-block-column is-layout-flow wp-block-column-is-layout-flow\" style=\"flex-basis:375px\">\n<div class=\"wp-block-getwid-advanced-heading\"><h3 class=\"wp-block-getwid-advanced-heading__content\" style=\"padding-right:50px\">A singular and personal journey through the history of art, with perspectives and masterpieces found nowhere else.<\/h3><\/div>\n<\/div>\n<\/div>\n\n\n\n<div class=\"wp-block-getwid-advanced-spacer\" style=\"height:24px\" aria-hidden=\"true\"><\/div>\n\n\n\n<p>The Museo Thyssen-Bornemisza houses an extraordinary collection, born from the private legacy of Baron Thyssen-Bornemisza and his family, which has become one of the most valuable in the world for its ability to complement what few other Spanish museums can offer.<\/p>\n\n\n\n<p>Each work is a window onto styles and movements that transformed the European artistic landscape.<\/p>\n\n\n\n<p>More than a museum, the Thyssen-Bornemisza is a sanctuary for the senses: Impressionism bathes you in light, Dutch painting carries you to idyllic landscapes, and Abstract Expressionism dares you to explore the deepest corners of your emotions.<\/p>\n\n\n\n<p>To walk through its halls is to experience something beyond the visual \u2014 it is almost like listening to a heartbeat connecting every era and every artistic style. Every corner is infused with stories that seem to whisper in your ear, inviting you to become part of them.<\/p>\n\n\n\n<p>Have you ever wondered if a place could change your perspective of the world?<\/p>\n\n\n\n<p><strong>Dare to experience it with Voil\u00e0rt.<\/strong><\/p>\n\n\n\n<p>We\u2019ll guide you into a space where dreams and art converge, where you can live a unique emotional adventure.<\/p>\n\n\n\n<p>Let yourself be enveloped by its magic and create moments with us that will remain forever in your visual memory.<\/p>\n\n\n\n<div class=\"wp-block-getwid-advanced-spacer\" style=\"height:13px\" aria-hidden=\"true\"><\/div>\n\n\n\n<div class=\"wp-block-buttons is-layout-flex wp-block-buttons-is-layout-flex\">\n<div class=\"wp-block-button open-sidebar\"><a class=\"wp-block-button__link wp-element-button\" href=\"#\">BOOK HERE<\/a><\/div>\n\n\n\n<div class=\"wp-block-button is-style-outline is-style-outline--1\"><a class=\"wp-block-button__link wp-element-button\" href=\"https:\/\/wearevoilart.com\/en\/contact-us\/\">CONTACT US<\/a><\/div>\n<\/div>\n<\/div><\/div><\/div><\/div><\/div>\n<\/div>\n<\/div>\n<\/div><\/div><\/div><\/div><\/div>\n\n\n\n<div class=\"wp-block-getwid-section alignwide alignwide getwid-anim fadeInUp\" data-wow-duration=\"1500ms\" data-wow-delay=\"200ms\"><div class=\"wp-block-getwid-section__wrapper\"><div class=\"wp-block-getwid-section__inner-wrapper\"><div class=\"wp-block-getwid-section__background-holder\"><div class=\"wp-block-getwid-section__background has-background has-color-1-background-color\"><\/div><div class=\"wp-block-getwid-section__foreground\"><\/div><\/div><div class=\"wp-block-getwid-section__content\"><div class=\"wp-block-getwid-section__inner-content\">\n<div class=\"wp-block-group\"><div class=\"wp-block-group__inner-container is-layout-constrained wp-block-group-is-layout-constrained\">\n<div class=\"wp-block-group alignwide is-style-default has-color-4-color has-text-color has-link-color has-medium-font-size wp-elements-ac4855f91e202555bdd18b0a56348e4b\"><div class=\"wp-block-group__inner-container is-layout-constrained wp-block-group-is-layout-constrained\">\n<div class=\"wp-block-group is-style-default\"><div class=\"wp-block-group__inner-container is-layout-constrained wp-block-group-is-layout-constrained\">\n<h2 class=\"wp-block-heading has-text-align-center has-color-8-color has-text-color has-link-color wp-elements-fd4e7f087fbcb50ba2969949851be090\">An experience that will take you further<\/h2>\n\n\n\n<p class=\"has-text-align-center has-color-8-color has-text-color has-link-color wp-elements-29dbdf27c4fc820fdff2898049fe5b66\">Join our journey through the <strong>Thyssen <\/strong>and discover each masterpiece as <strong>if it were the very first time<\/strong>.<\/p>\n<\/div><\/div>\n<\/div><\/div>\n<\/div><\/div>\n<\/div><\/div><\/div><\/div><\/div>\n\n\n\n<div class=\"wp-block-getwid-section alignfull alignfull\"><div class=\"wp-block-getwid-section__wrapper\"><div class=\"wp-block-getwid-section__inner-wrapper\"><div class=\"wp-block-getwid-section__background-holder\"><div class=\"wp-block-getwid-section__background\"><\/div><div class=\"wp-block-getwid-section__foreground\"><\/div><\/div><div class=\"wp-block-getwid-section__content\"><div class=\"wp-block-getwid-section__inner-content\"><div class=\"mpa-shortcode mpa-services-list-shortcode\"><div class=\"mpa-posts-wrapper mpa-posts-loop mpa-grid mpa-grid-columns-1\"><div class=\"mpa-grid-column post-4866 mpa_service type-mpa_service status-publish has-post-thumbnail mpa_service_category-voilart-exclusiva-en mpa_service_category-pictorico-en mpa_service_tag-museo-thyssen-en\">\r\n\t<div class=\"mpa-loop-post-wrapper\">\r\n\t\t<div class=\"loop-service-content\">\r\n\t\t\t\r\n\t\t\t<p class=\"post-thumbnail mpa-loop-post-thumbnail\">\n\t<a href=\"https:\/\/wearevoilart.com\/en\/experience\/a-day-of-art-around-madrid-discover-impressionism-an-unforgettable-artistic-experience\/\">\n\t\t<img decoding=\"async\" width=\"760\" height=\"577\" src=\"https:\/\/wearevoilart.com\/wp-content\/uploads\/2025\/09\/Voilart_Experiencias_Impresionismo-Sorolla-760x577.png\" class=\"attachment-post-thumbnail size-post-thumbnail wp-post-image\" alt=\"Experiencia guiada Impresionismo\" srcset=\"https:\/\/wearevoilart.com\/wp-content\/uploads\/2025\/09\/Voilart_Experiencias_Impresionismo-Sorolla-760x577.png 760w, https:\/\/wearevoilart.com\/wp-content\/uploads\/2025\/09\/Voilart_Experiencias_Impresionismo-Sorolla-300x228.png 300w, https:\/\/wearevoilart.com\/wp-content\/uploads\/2025\/09\/Voilart_Experiencias_Impresionismo-Sorolla-1024x778.png 1024w, https:\/\/wearevoilart.com\/wp-content\/uploads\/2025\/09\/Voilart_Experiencias_Impresionismo-Sorolla-768x583.png 768w, https:\/\/wearevoilart.com\/wp-content\/uploads\/2025\/09\/Voilart_Experiencias_Impresionismo-Sorolla-1160x881.png 1160w, https:\/\/wearevoilart.com\/wp-content\/uploads\/2025\/09\/Voilart_Experiencias_Impresionismo-Sorolla.png 1380w\" sizes=\"(max-width: 760px) 100vw, 760px\" \/>\t<\/a>\n<\/p>\n\t\t\t<div class=\"loop-service-info\">\r\n\t\t\t\t<h2 class=\"entry-title mpa-post-title\">\n\t<a href=\"https:\/\/wearevoilart.com\/en\/experience\/a-day-of-art-around-madrid-discover-impressionism-an-unforgettable-artistic-experience\/\">\n\t\tA day of art around Madrid. Discover Impressionism: an unforgettable artistic experience\t<\/a>\n<\/h2>\n\r\n\t\t\t\t\r\n\t\t\t\t\r\n\t\t\t\t\n<ul class=\"mpa-attributes mpa-service-attributes\">\n\t\t\t<li class=\"mpa-attribute-duration\">\n\t\t\t\t\t\t\t<span class=\"mpa-attribute-title mpa-duration-title\">\n\t\t\t\t\tDuration:\t\t\t\t<\/span>\n\t\t\t\n\t\t\t<span class=\"mpa-attribute-value\">\n\t\t\t\t\t\t\t\t\t3h\t\t\t\t\t\t\t<\/span>\n\t\t<\/li>\n\t\t\t<li class=\"mpa-attribute-capacity\">\n\t\t\t\t\t\t\t<span class=\"mpa-attribute-title mpa-capacity-title\">\n\t\t\t\t\tCapacity:\t\t\t\t<\/span>\n\t\t\t\n\t\t\t<span class=\"mpa-attribute-value\">\n\t\t\t\t\t\t\t\t\t1 &#8211; 10\t\t\t\t\t\t\t<\/span>\n\t\t<\/li>\n\t<\/ul>\n<p class=\"mpa-service-employees\">\n\t<img decoding=\"async\" width=\"150\" height=\"150\" src=\"https:\/\/wearevoilart.com\/wp-content\/uploads\/2025\/08\/Voilart_03_Expertos_06Nerea-150x150.jpg\" class=\"attachment-thumbnail size-thumbnail\" alt=\"Voil\u00e0rt experta en arte\" srcset=\"https:\/\/wearevoilart.com\/wp-content\/uploads\/2025\/08\/Voilart_03_Expertos_06Nerea-150x150.jpg 150w, https:\/\/wearevoilart.com\/wp-content\/uploads\/2025\/08\/Voilart_03_Expertos_06Nerea-300x300.jpg 300w, https:\/\/wearevoilart.com\/wp-content\/uploads\/2025\/08\/Voilart_03_Expertos_06Nerea.jpg 750w\" sizes=\"(max-width: 150px) 100vw, 150px\" \/><img decoding=\"async\" width=\"150\" height=\"150\" src=\"https:\/\/wearevoilart.com\/wp-content\/uploads\/2025\/09\/Voilart_Fotoweb_AnaBelen-150x150.jpg\" class=\"attachment-thumbnail size-thumbnail\" alt=\"Tour privado sin colas Ana Bel\u00e9n\" srcset=\"https:\/\/wearevoilart.com\/wp-content\/uploads\/2025\/09\/Voilart_Fotoweb_AnaBelen-150x150.jpg 150w, https:\/\/wearevoilart.com\/wp-content\/uploads\/2025\/09\/Voilart_Fotoweb_AnaBelen-300x300.jpg 300w, https:\/\/wearevoilart.com\/wp-content\/uploads\/2025\/09\/Voilart_Fotoweb_AnaBelen.jpg 750w\" sizes=\"(max-width: 150px) 100vw, 150px\" \/><span class=\"more-employees\">+1<\/span><\/p>\n\t\t\t<\/div>\r\n\t\t<\/div>\r\n\t\t<div class=\"divider\">\r\n\t\t\t<div class=\"half-circle left\"><\/div>\r\n\t\t\t<div class=\"dots\"><\/div>\r\n\t\t\t<div class=\"half-circle right\"><\/div>\r\n\t\t<\/div>\r\n\t\t<div class=\"loop-service-footer\">\r\n\r\n\t\t\t<p class=\"mpa-service-price mpa-regular-price\">\n\t<span class=\"mpa-price-title\">Price:<\/span>\n\t<span class=\"mpa-price\">125<span class=\"mpa-currency\">&euro;<\/span><\/span><\/p>\n<p class=\"mpa-service-employees\">\n\t<img decoding=\"async\" width=\"150\" height=\"150\" src=\"https:\/\/wearevoilart.com\/wp-content\/uploads\/2025\/08\/Voilart_03_Expertos_06Nerea-150x150.jpg\" class=\"attachment-thumbnail size-thumbnail\" alt=\"Voil\u00e0rt experta en arte\" srcset=\"https:\/\/wearevoilart.com\/wp-content\/uploads\/2025\/08\/Voilart_03_Expertos_06Nerea-150x150.jpg 150w, https:\/\/wearevoilart.com\/wp-content\/uploads\/2025\/08\/Voilart_03_Expertos_06Nerea-300x300.jpg 300w, https:\/\/wearevoilart.com\/wp-content\/uploads\/2025\/08\/Voilart_03_Expertos_06Nerea.jpg 750w\" sizes=\"(max-width: 150px) 100vw, 150px\" \/><img decoding=\"async\" width=\"150\" height=\"150\" src=\"https:\/\/wearevoilart.com\/wp-content\/uploads\/2025\/09\/Voilart_Fotoweb_AnaBelen-150x150.jpg\" class=\"attachment-thumbnail size-thumbnail\" alt=\"Tour privado sin colas Ana Bel\u00e9n\" srcset=\"https:\/\/wearevoilart.com\/wp-content\/uploads\/2025\/09\/Voilart_Fotoweb_AnaBelen-150x150.jpg 150w, https:\/\/wearevoilart.com\/wp-content\/uploads\/2025\/09\/Voilart_Fotoweb_AnaBelen-300x300.jpg 300w, https:\/\/wearevoilart.com\/wp-content\/uploads\/2025\/09\/Voilart_Fotoweb_AnaBelen.jpg 750w\" sizes=\"(max-width: 150px) 100vw, 150px\" \/><span class=\"more-employees\">+1<\/span><\/p>\n\r\n\t\t\t\t\t\t<button class=\"button book-now\">Book now<\/button>\r\n\t\t\t\t\t\t<a href=\"https:\/\/wearevoilart.com\/en\/experience\/a-day-of-art-around-madrid-discover-impressionism-an-unforgettable-artistic-experience\/\" class=\"button outlined view-tour\">View tour<\/a>\r\n\t\t<\/div>\r\n\t<\/div>\r\n<\/div>\r\n\r\n<div class=\"mpa-grid-column post-4876 mpa_service type-mpa_service status-publish has-post-thumbnail mpa_service_tag-museo-thyssen-en\">\r\n\t<div class=\"mpa-loop-post-wrapper\">\r\n\t\t<div class=\"loop-service-content\">\r\n\t\t\t\r\n\t\t\t<p class=\"post-thumbnail mpa-loop-post-thumbnail\">\n\t<a href=\"https:\/\/wearevoilart.com\/en\/experience\/robert-rauschenberg-images-that-never-stop\/\">\n\t\t<img decoding=\"async\" width=\"760\" height=\"577\" src=\"https:\/\/wearevoilart.com\/wp-content\/uploads\/2025\/07\/Voilart_experiencia_thyssen-760x577.png\" class=\"attachment-post-thumbnail size-post-thumbnail wp-post-image\" alt=\"ruta privada por el Museo Thyssen\" srcset=\"https:\/\/wearevoilart.com\/wp-content\/uploads\/2025\/07\/Voilart_experiencia_thyssen-760x577.png 760w, https:\/\/wearevoilart.com\/wp-content\/uploads\/2025\/07\/Voilart_experiencia_thyssen-300x228.png 300w, https:\/\/wearevoilart.com\/wp-content\/uploads\/2025\/07\/Voilart_experiencia_thyssen-1024x778.png 1024w, https:\/\/wearevoilart.com\/wp-content\/uploads\/2025\/07\/Voilart_experiencia_thyssen-768x583.png 768w, https:\/\/wearevoilart.com\/wp-content\/uploads\/2025\/07\/Voilart_experiencia_thyssen-1160x881.png 1160w, https:\/\/wearevoilart.com\/wp-content\/uploads\/2025\/07\/Voilart_experiencia_thyssen.png 1380w\" sizes=\"(max-width: 760px) 100vw, 760px\" \/>\t<\/a>\n<\/p>\n\t\t\t<div class=\"loop-service-info\">\r\n\t\t\t\t<h2 class=\"entry-title mpa-post-title\">\n\t<a href=\"https:\/\/wearevoilart.com\/en\/experience\/robert-rauschenberg-images-that-never-stop\/\">\n\t\tMasterpieces from the Thyssen-Bornemisza Collection\t<\/a>\n<\/h2>\n\r\n\t\t\t\t\r\n\t\t\t\t\r\n\t\t\t\t\n<ul class=\"mpa-attributes mpa-service-attributes\">\n\t\t\t<li class=\"mpa-attribute-duration\">\n\t\t\t\t\t\t\t<span class=\"mpa-attribute-title mpa-duration-title\">\n\t\t\t\t\tDuration:\t\t\t\t<\/span>\n\t\t\t\n\t\t\t<span class=\"mpa-attribute-value\">\n\t\t\t\t\t\t\t\t\t2h\t\t\t\t\t\t\t<\/span>\n\t\t<\/li>\n\t\t\t<li class=\"mpa-attribute-capacity\">\n\t\t\t\t\t\t\t<span class=\"mpa-attribute-title mpa-capacity-title\">\n\t\t\t\t\tCapacity:\t\t\t\t<\/span>\n\t\t\t\n\t\t\t<span class=\"mpa-attribute-value\">\n\t\t\t\t\t\t\t\t\t1 &#8211; 10\t\t\t\t\t\t\t<\/span>\n\t\t<\/li>\n\t<\/ul>\n<p class=\"mpa-service-employees\">\n\t<img decoding=\"async\" width=\"150\" height=\"150\" src=\"https:\/\/wearevoilart.com\/wp-content\/uploads\/2025\/09\/Voilart_Fotoweb_AnaBelen-150x150.jpg\" class=\"attachment-thumbnail size-thumbnail\" alt=\"Tour privado sin colas Ana Bel\u00e9n\" srcset=\"https:\/\/wearevoilart.com\/wp-content\/uploads\/2025\/09\/Voilart_Fotoweb_AnaBelen-150x150.jpg 150w, https:\/\/wearevoilart.com\/wp-content\/uploads\/2025\/09\/Voilart_Fotoweb_AnaBelen-300x300.jpg 300w, https:\/\/wearevoilart.com\/wp-content\/uploads\/2025\/09\/Voilart_Fotoweb_AnaBelen.jpg 750w\" sizes=\"(max-width: 150px) 100vw, 150px\" \/><span class=\"more-employees\">+1<\/span><\/p>\n\t\t\t<\/div>\r\n\t\t<\/div>\r\n\t\t<div class=\"divider\">\r\n\t\t\t<div class=\"half-circle left\"><\/div>\r\n\t\t\t<div class=\"dots\"><\/div>\r\n\t\t\t<div class=\"half-circle right\"><\/div>\r\n\t\t<\/div>\r\n\t\t<div class=\"loop-service-footer\">\r\n\r\n\t\t\t<p class=\"mpa-service-price mpa-regular-price\">\n\t<span class=\"mpa-price-title\">Price:<\/span>\n\t<span class=\"mpa-price\">55<span class=\"mpa-currency\">&euro;<\/span><\/span><\/p>\n<p class=\"mpa-service-employees\">\n\t<img decoding=\"async\" width=\"150\" height=\"150\" src=\"https:\/\/wearevoilart.com\/wp-content\/uploads\/2025\/09\/Voilart_Fotoweb_AnaBelen-150x150.jpg\" class=\"attachment-thumbnail size-thumbnail\" alt=\"Tour privado sin colas Ana Bel\u00e9n\" srcset=\"https:\/\/wearevoilart.com\/wp-content\/uploads\/2025\/09\/Voilart_Fotoweb_AnaBelen-150x150.jpg 150w, https:\/\/wearevoilart.com\/wp-content\/uploads\/2025\/09\/Voilart_Fotoweb_AnaBelen-300x300.jpg 300w, https:\/\/wearevoilart.com\/wp-content\/uploads\/2025\/09\/Voilart_Fotoweb_AnaBelen.jpg 750w\" sizes=\"(max-width: 150px) 100vw, 150px\" \/><span class=\"more-employees\">+1<\/span><\/p>\n\r\n\t\t\t\t\t\t<button class=\"button book-now\">Book now<\/button>\r\n\t\t\t\t\t\t<a href=\"https:\/\/wearevoilart.com\/en\/experience\/robert-rauschenberg-images-that-never-stop\/\" class=\"button outlined view-tour\">View tour<\/a>\r\n\t\t<\/div>\r\n\t<\/div>\r\n<\/div>\r\n\r\n<div class=\"mpa-grid-column post-5232 mpa_service type-mpa_service status-publish has-post-thumbnail mpa_service_tag-museo-thyssen-en\">\r\n\t<div class=\"mpa-loop-post-wrapper\">\r\n\t\t<div class=\"loop-service-content\">\r\n\t\t\t\r\n\t\t\t<p class=\"post-thumbnail mpa-loop-post-thumbnail\">\n\t<a href=\"https:\/\/wearevoilart.com\/en\/experience\/among-geniuses-and-masters-el-greco-velazquez-goya-picasso-dali-and-miro\/\">\n\t\t<img decoding=\"async\" width=\"760\" height=\"577\" src=\"https:\/\/wearevoilart.com\/wp-content\/uploads\/2025\/09\/Voilart_Experiencias_Entre-genios-y-maestros-1-760x577.png\" class=\"attachment-post-thumbnail size-post-thumbnail wp-post-image\" alt=\"Un d\u00eda de arte por Madrid. Entre genios y maestros\" srcset=\"https:\/\/wearevoilart.com\/wp-content\/uploads\/2025\/09\/Voilart_Experiencias_Entre-genios-y-maestros-1-760x577.png 760w, https:\/\/wearevoilart.com\/wp-content\/uploads\/2025\/09\/Voilart_Experiencias_Entre-genios-y-maestros-1-300x228.png 300w, https:\/\/wearevoilart.com\/wp-content\/uploads\/2025\/09\/Voilart_Experiencias_Entre-genios-y-maestros-1-1024x778.png 1024w, https:\/\/wearevoilart.com\/wp-content\/uploads\/2025\/09\/Voilart_Experiencias_Entre-genios-y-maestros-1-768x583.png 768w, https:\/\/wearevoilart.com\/wp-content\/uploads\/2025\/09\/Voilart_Experiencias_Entre-genios-y-maestros-1-1160x881.png 1160w, https:\/\/wearevoilart.com\/wp-content\/uploads\/2025\/09\/Voilart_Experiencias_Entre-genios-y-maestros-1.png 1380w\" sizes=\"(max-width: 760px) 100vw, 760px\" \/>\t<\/a>\n<\/p>\n\t\t\t<div class=\"loop-service-info\">\r\n\t\t\t\t<h2 class=\"entry-title mpa-post-title\">\n\t<a href=\"https:\/\/wearevoilart.com\/en\/experience\/among-geniuses-and-masters-el-greco-velazquez-goya-picasso-dali-and-miro\/\">\n\t\tA day of art around Madrid. Among geniuses and masters: El Greco, Vel\u00e1zquez, Goya, Picasso, Dal\u00ed and Mir\u00f3\t<\/a>\n<\/h2>\n\r\n\t\t\t\t\r\n\t\t\t\t\r\n\t\t\t\t\n<ul class=\"mpa-attributes mpa-service-attributes\">\n\t\t\t<li class=\"mpa-attribute-duration\">\n\t\t\t\t\t\t\t<span class=\"mpa-attribute-title mpa-duration-title\">\n\t\t\t\t\tDuration:\t\t\t\t<\/span>\n\t\t\t\n\t\t\t<span class=\"mpa-attribute-value\">\n\t\t\t\t\t\t\t\t\t5h\t\t\t\t\t\t\t<\/span>\n\t\t<\/li>\n\t\t\t<li class=\"mpa-attribute-capacity\">\n\t\t\t\t\t\t\t<span class=\"mpa-attribute-title mpa-capacity-title\">\n\t\t\t\t\tCapacity:\t\t\t\t<\/span>\n\t\t\t\n\t\t\t<span class=\"mpa-attribute-value\">\n\t\t\t\t\t\t\t\t\t1 &#8211; 10\t\t\t\t\t\t\t<\/span>\n\t\t<\/li>\n\t<\/ul>\n<p class=\"mpa-service-employees\">\n\t<img decoding=\"async\" width=\"150\" height=\"150\" src=\"https:\/\/wearevoilart.com\/wp-content\/uploads\/2025\/09\/Voilart_Fotoweb_Esther-2-150x150.jpg\" class=\"attachment-thumbnail size-thumbnail\" alt=\"\" srcset=\"https:\/\/wearevoilart.com\/wp-content\/uploads\/2025\/09\/Voilart_Fotoweb_Esther-2-150x150.jpg 150w, https:\/\/wearevoilart.com\/wp-content\/uploads\/2025\/09\/Voilart_Fotoweb_Esther-2-300x300.jpg 300w, https:\/\/wearevoilart.com\/wp-content\/uploads\/2025\/09\/Voilart_Fotoweb_Esther-2.jpg 750w\" sizes=\"(max-width: 150px) 100vw, 150px\" \/><span class=\"employee-name\">Esther Pascual<\/span><\/p>\n\t\t\t<\/div>\r\n\t\t<\/div>\r\n\t\t<div class=\"divider\">\r\n\t\t\t<div class=\"half-circle left\"><\/div>\r\n\t\t\t<div class=\"dots\"><\/div>\r\n\t\t\t<div class=\"half-circle right\"><\/div>\r\n\t\t<\/div>\r\n\t\t<div class=\"loop-service-footer\">\r\n\r\n\t\t\t<p class=\"mpa-service-price mpa-regular-price\">\n\t<span class=\"mpa-price-title\">Price:<\/span>\n\t<span class=\"mpa-price\">170<span class=\"mpa-currency\">&euro;<\/span><\/span><\/p>\n<p class=\"mpa-service-employees\">\n\t<img decoding=\"async\" width=\"150\" height=\"150\" src=\"https:\/\/wearevoilart.com\/wp-content\/uploads\/2025\/09\/Voilart_Fotoweb_Esther-2-150x150.jpg\" class=\"attachment-thumbnail size-thumbnail\" alt=\"\" srcset=\"https:\/\/wearevoilart.com\/wp-content\/uploads\/2025\/09\/Voilart_Fotoweb_Esther-2-150x150.jpg 150w, https:\/\/wearevoilart.com\/wp-content\/uploads\/2025\/09\/Voilart_Fotoweb_Esther-2-300x300.jpg 300w, https:\/\/wearevoilart.com\/wp-content\/uploads\/2025\/09\/Voilart_Fotoweb_Esther-2.jpg 750w\" sizes=\"(max-width: 150px) 100vw, 150px\" \/><span class=\"employee-name\">Esther Pascual<\/span><\/p>\n\r\n\t\t\t\t\t\t<button class=\"button book-now\">Book now<\/button>\r\n\t\t\t\t\t\t<a href=\"https:\/\/wearevoilart.com\/en\/experience\/among-geniuses-and-masters-el-greco-velazquez-goya-picasso-dali-and-miro\/\" class=\"button outlined view-tour\">View tour<\/a>\r\n\t\t<\/div>\r\n\t<\/div>\r\n<\/div>\r\n\r\n<\/div><\/div><\/div><\/div><\/div><\/div><\/div>\n","protected":false},"excerpt":{"rendered":"","protected":false},"author":3,"featured_media":4072,"parent":4939,"menu_order":29,"comment_status":"closed","ping_status":"closed","template":"template-wide-page.php","meta":{"inline_featured_image":false,"footnotes":""},"class_list":["post-4961","page","type-page","status-publish","has-post-thumbnail","hentry"],"aioseo_notices":[],"_links":{"self":[{"href":"https:\/\/wearevoilart.com\/en\/wp-json\/wp\/v2\/pages\/4961","targetHints":{"allow":["GET"]}}],"collection":[{"href":"https:\/\/wearevoilart.com\/en\/wp-json\/wp\/v2\/pages"}],"about":[{"href":"https:\/\/wearevoilart.com\/en\/wp-json\/wp\/v2\/types\/page"}],"author":[{"embeddable":true,"href":"https:\/\/wearevoilart.com\/en\/wp-json\/wp\/v2\/users\/3"}],"replies":[{"embeddable":true,"href":"https:\/\/wearevoilart.com\/en\/wp-json\/wp\/v2\/comments?post=4961"}],"version-history":[{"count":2,"href":"https:\/\/wearevoilart.com\/en\/wp-json\/wp\/v2\/pages\/4961\/revisions"}],"predecessor-version":[{"id":4965,"href":"https:\/\/wearevoilart.com\/en\/wp-json\/wp\/v2\/pages\/4961\/revisions\/4965"}],"up":[{"embeddable":true,"href":"https:\/\/wearevoilart.com\/en\/wp-json\/wp\/v2\/pages\/4939"}],"wp:featuredmedia":[{"embeddable":true,"href":"https:\/\/wearevoilart.com\/en\/wp-json\/wp\/v2\/media\/4072"}],"wp:attachment":[{"href":"https:\/\/wearevoilart.com\/en\/wp-json\/wp\/v2\/media?parent=4961"}],"curies":[{"name":"wp","href":"https:\/\/api.w.org\/{rel}","templated":true}]}}