{"id":6168,"date":"2026-02-05T13:51:19","date_gmt":"2026-02-05T12:51:19","guid":{"rendered":"https:\/\/wearevoilart.com\/?page_id=6168"},"modified":"2026-03-02T09:51:06","modified_gmt":"2026-03-02T08:51:06","slug":"club-voilart-presentation","status":"publish","type":"page","link":"https:\/\/wearevoilart.com\/en\/club-voilart-presentation\/","title":{"rendered":"Club Voil\u00e0rt Presentation"},"content":{"rendered":"\n<div class=\"wp-block-getwid-section alignfull alignfull\"><div class=\"wp-block-getwid-section__wrapper\" style=\"padding-top:100px;padding-bottom:30px\"><div class=\"wp-block-getwid-section__inner-wrapper\"><div class=\"wp-block-getwid-section__background-holder\"><div class=\"wp-block-getwid-section__background\"><\/div><div class=\"wp-block-getwid-section__foreground\"><\/div><\/div><div class=\"wp-block-getwid-section__content\"><div class=\"wp-block-getwid-section__inner-content\">\n<div class=\"wp-block-columns is-style-wide-space is-layout-flex wp-container-core-columns-is-layout-9d6595d7 wp-block-columns-is-layout-flex\">\n<div class=\"wp-block-column is-layout-flow wp-block-column-is-layout-flow\">\n<p><strong>On March 18<\/strong>, 2026, at <strong>6:30 p.m<\/strong>., the presentation of Club Voil\u00e0rt will take place at the headquarters of the <strong>C\u00edrculo de Bellas Artes in Madrid<\/strong>, entrance at Calle Marqu\u00e9s de Riera No. 2, Mar\u00eda Zambrano room, 5th floor. <\/p>\n\n\n\n<p><strong>Program<\/strong>:<\/p>\n\n\n\n<ul class=\"wp-block-list\">\n<li>6:30 p.m. to 6:45 p.m.: reception of attendees.<\/li>\n\n\n\n<li>6:45 p.m. to 7 p.m.: welcome and presentation of the session.<\/li>\n\n\n\n<li>7 p.m. to 7:30 p.m.: why Club Voil\u00e0rt? by Juan Miguel Hern\u00e1ndez Le\u00f3n, advisor to Club Voil\u00e0rt.<\/li>\n\n\n\n<li>7:30 p.m. to 7:40 p.m.: Voil\u00e0rt Club operations by Amanda Baratech Estrella, head of operations at Club Voil\u00e0rt.<\/li>\n\n\n\n<li>7:40 p.m. to 9 p.m.: wine reception.<\/li>\n<\/ul>\n<\/div>\n\n\n\n<div class=\"wp-block-column is-layout-flow wp-block-column-is-layout-flow\">\n<div class=\"wp-block-getwid-section\"><div class=\"wp-block-getwid-section__wrapper\"><div class=\"wp-block-getwid-section__inner-wrapper\"><div class=\"wp-block-getwid-section__background-holder\"><div class=\"wp-block-getwid-section__background has-background has-color-2-background-color\"><\/div><div class=\"wp-block-getwid-section__foreground\"><\/div><\/div><div class=\"wp-block-getwid-section__content\"><div class=\"wp-block-getwid-section__inner-content\">\n<div class=\"wp-block-getwid-advanced-heading\" style=\"margin-bottom:30px;margin-top:0px\"><h3 class=\"wp-block-getwid-advanced-heading__content\" style=\"text-align:center\">Register to attend<\/h3><\/div>\n\n\n\n<div class=\"wp-block-buttons alignwide is-content-justification-center is-layout-flex wp-container-core-buttons-is-layout-16018d1d wp-block-buttons-is-layout-flex\">\n<div class=\"wp-block-button\"><a class=\"wp-block-button__link wp-element-button\" href=\"https:\/\/docs.google.com\/forms\/d\/e\/1FAIpQLSf9f7dxY3yegpDN_b3A4ofDoYawONY5lfY4JCMwmxNrwLJ5lw\/viewform\" target=\"_blank\" rel=\"noreferrer noopener\">Sign up for the event here<\/a><\/div>\n<\/div>\n<\/div><\/div><\/div><\/div><\/div>\n<\/div>\n<\/div>\n<\/div><\/div><\/div><\/div><\/div>\n","protected":false},"excerpt":{"rendered":"","protected":false},"author":3,"featured_media":6054,"parent":0,"menu_order":12,"comment_status":"closed","ping_status":"closed","template":"template-wide-page.php","meta":{"inline_featured_image":false,"footnotes":""},"class_list":["post-6168","page","type-page","status-publish","has-post-thumbnail","hentry"],"aioseo_notices":[],"_links":{"self":[{"href":"https:\/\/wearevoilart.com\/en\/wp-json\/wp\/v2\/pages\/6168","targetHints":{"allow":["GET"]}}],"collection":[{"href":"https:\/\/wearevoilart.com\/en\/wp-json\/wp\/v2\/pages"}],"about":[{"href":"https:\/\/wearevoilart.com\/en\/wp-json\/wp\/v2\/types\/page"}],"author":[{"embeddable":true,"href":"https:\/\/wearevoilart.com\/en\/wp-json\/wp\/v2\/users\/3"}],"replies":[{"embeddable":true,"href":"https:\/\/wearevoilart.com\/en\/wp-json\/wp\/v2\/comments?post=6168"}],"version-history":[{"count":7,"href":"https:\/\/wearevoilart.com\/en\/wp-json\/wp\/v2\/pages\/6168\/revisions"}],"predecessor-version":[{"id":6316,"href":"https:\/\/wearevoilart.com\/en\/wp-json\/wp\/v2\/pages\/6168\/revisions\/6316"}],"wp:featuredmedia":[{"embeddable":true,"href":"https:\/\/wearevoilart.com\/en\/wp-json\/wp\/v2\/media\/6054"}],"wp:attachment":[{"href":"https:\/\/wearevoilart.com\/en\/wp-json\/wp\/v2\/media?parent=6168"}],"curies":[{"name":"wp","href":"https:\/\/api.w.org\/{rel}","templated":true}]}}